{"id":63,"date":"2014-08-21T10:53:02","date_gmt":"2014-08-21T08:53:02","guid":{"rendered":"https:\/\/lisa-mcabbey.comwordpress\/?page_id=63"},"modified":"2022-03-15T18:04:10","modified_gmt":"2022-03-15T16:04:10","slug":"impressum","status":"publish","type":"page","link":"https:\/\/lisa-mcabbey.com\/?page_id=63","title":{"rendered":"Impressum"},"content":{"rendered":"<p>F\u00fcr den Inhalt verantwortlich gem\u00e4\u00df \u00a7 25 Abs. 5 Mediengesetz und \u00a7 5 ECG:<br \/>\nLisa McAbbey<br \/>\nAutorin<br \/>\nWohnort Wien, \u00d6sterreich<br \/>\nc\/o Bastei L\u00fcbbe AG, Schanzenstra\u00dfe 6-20, 51063\u00a0K\u00f6ln, Deutschland<br \/>\nemail: kontakt@lisa-mcabbey.com<\/p>\n<p>\u00a9 copyright 2022 by Lisa McAbbey.<br \/>\nAlle Rechte vorbehalten.<\/p>\n<p>Dieses Impressum gilt auch f\u00fcr die Facebook-Fanpage: https:\/\/www.facebook.com\/lisa.mcabbey<\/p>\n<p>Haftungsausschluss:<br \/>\nTrotz sorgf\u00e4ltiger inhaltlicher Kontrolle \u00fcbernehme ich keine Haftung f\u00fcr die Inhalte externer Links. F\u00fcr den Inhalt der verlinkten Seiten sind ausschlie\u00dflich deren Betreiber verantwortlich. F\u00fcr in vorliegenden Inhalten verwendete Warenzeichen, Handelsnamen und Gebrauchsnamen, auch wenn diese nicht als solche gekennzeichnet sind, gelten die entsprechenden Schutzbestimmungen.<\/p>\n<p>Bildmaterial:<br \/>\nDie verwendeten Bilder sind entweder gemeinfrei (Wikimedia Commons), privat oder unterliegen folgenden Copyrights:<br \/>\nHintergrund: handwritten text, \u00a9 juanrvelasco &#8211; Fotolia.com<br \/>\nHeader: handwritten letter, \u00a9 Vphoto &#8211; Fotolia.com; Retroplakat England, \u00a9 Reimer &#8211; Pixelvario &#8211; Fotolia.com; dettaglio del Palazzo Piccolomini, \u00a9 ppi09 &#8211; Fotolia.com<br \/>\nweitere: Bonnie Prince Charlie, \u00a9 Tony Baggett &#8211; Fotolia.com; Dry rose, \u00a9 natashamam35 &#8211; Fotolia.com; old postcards and antique ink feather pen, \u00a9 LiliGraphie &#8211; Fotolia.com; Dartmoor Lane,\u00a0\u00a9 Helen Hotson &#8211; Fotolia.com; Path to Haystack, \u00a9 photoseller92 &#8211; Fotolia.com; Norman Knights, \u00a9 Thomas Owen &#8211; Fotolia.com;<\/p>\n<p>Mit freundlicher Genehmigung der <a href=\"http:\/\/www.ullsteinbuchverlage.de\/\" target=\"_blank\" rel=\"noopener noreferrer\">Ullstein Buchverlage<\/a> sind auf dieser Homepage sowie auf der oben angef\u00fchrten Facebook-Fanpage die Coverabbildungen folgender Buchtitel zu finden. Das Copyright <b>\u00a9 <\/b>des jeweiligen Covers liegt bei den Ullstein Buchverlagen.<br \/>\n<em>Reise nach Edinburgh<\/em><\/p>\n<p>Mit freundlicher Genehmigung der\u00a0<a href=\"http:\/\/www.luebbe.de\">Bastei L\u00fcbbe Buchverlage<\/a>\u00a0sind auf dieser Homepage sowie auf der oben angef\u00fchrten Facebook-Fanpage die Coverabbildungen folgender Buchtitel zu finden. Das Copyright <b>\u00a9 <\/b>des jeweiligen Covers liegt bei den Bastei L\u00fcbbe Buchverlagen.<br \/>\n<em>Die Eroberung des Normannen<br \/>\nDer Spion mit dem Strumpfband<br \/>\nDie Schmugglerlady<br \/>\nLady ohne Furcht und Tadel<br \/>\nDie englische Lady und der Rebell<br \/>\nDie Braut des Walisers<br \/>\n<\/em><\/p>\n<p>Datenschutzerkl\u00e4rung f\u00fcr die Nutzung von Facebook-Plugins (Like Box):<br \/>\nAuf meinen Seiten sind Plugins des sozialen Netzwerks Facebook (Facebook Inc., 1601 Willow Road, Menlo Park, California, 94025, USA) integriert. Die Facebook-Plugins erkennen Sie an dem Facebook-Logo oder dem \u201cLike-Button\u201d (\u201cGef\u00e4llt mir\u201d) auf meinen Seiten. Eine \u00dcbersicht \u00fcber die Facebook-Plugins finden Sie hier: <a href=\"https:\/\/developers.facebook.com\/docs\/plugins\/\" target=\"_blank\" rel=\"noopener noreferrer\">https:\/\/developers.facebook.com\/docs\/plugins\/<\/a>.<br \/>\nWenn Sie meine Seiten besuchen, wird \u00fcber das Plugin eine direkte Verbindung zwischen Ihrem Browser und dem Facebook-Server hergestellt. Facebook erh\u00e4lt dadurch die Information, dass Sie mit Ihrer IP-Adresse meine Seiten besucht haben. Wenn Sie den Facebook \u201cLike-Button\u201d anklicken, w\u00e4hrend Sie in Ihrem Facebook-Account eingeloggt sind, k\u00f6nnen Sie die Inhalte meiner Seiten auf Ihrem Facebook-Profil verlinken. Dadurch kann Facebook den Besuch meiner Seiten Ihrem Benutzerkonto zuordnen. Ich weise darauf hin, dass ich als Anbieter der Seiten keine Kenntnis vom Inhalt der \u00fcbermittelten Daten sowie deren Nutzung durch Facebook erhalte. Weitere Informationen hierzu finden Sie in der Datenschutzerkl\u00e4rung von Facebook unter <a href=\"https:\/\/www.facebook.com\/policy.php\" target=\"_blank\" rel=\"noopener noreferrer\">https:\/\/www.facebook.com\/policy.php<\/a>.<br \/>\nWenn Sie nicht w\u00fcnschen, dass Facebook den Besuch meiner Seiten Ihrem Facebook-Nutzerkonto zuordnen kann, loggen Sie sich bitte aus Ihrem Facebook-Benutzerkonto aus.<\/p>\n<p>&nbsp;<\/p>\n","protected":false},"excerpt":{"rendered":"<p>F\u00fcr den Inhalt verantwortlich gem\u00e4\u00df \u00a7 25 Abs. 5 Mediengesetz und \u00a7 5 ECG: Lisa McAbbey Autorin Wohnort Wien, \u00d6sterreich c\/o Bastei L\u00fcbbe AG, Schanzenstra\u00dfe 6-20, 51063\u00a0K\u00f6ln, Deutschland email: kontakt@lisa-mcabbey.com \u00a9 copyright 2022 by Lisa McAbbey. Alle Rechte vorbehalten. Dieses &hellip; <a class=\"more-link\" href=\"https:\/\/lisa-mcabbey.com\/?page_id=63\">Weiterlesen <span class=\"meta-nav\">&rarr;<\/span><\/a><\/p>\n","protected":false},"author":1,"featured_media":0,"parent":0,"menu_order":7,"comment_status":"closed","ping_status":"closed","template":"","meta":{"footnotes":""},"class_list":["post-63","page","type-page","status-publish","hentry"],"_links":{"self":[{"href":"https:\/\/lisa-mcabbey.com\/index.php?rest_route=\/wp\/v2\/pages\/63","targetHints":{"allow":["GET"]}}],"collection":[{"href":"https:\/\/lisa-mcabbey.com\/index.php?rest_route=\/wp\/v2\/pages"}],"about":[{"href":"https:\/\/lisa-mcabbey.com\/index.php?rest_route=\/wp\/v2\/types\/page"}],"author":[{"embeddable":true,"href":"https:\/\/lisa-mcabbey.com\/index.php?rest_route=\/wp\/v2\/users\/1"}],"replies":[{"embeddable":true,"href":"https:\/\/lisa-mcabbey.com\/index.php?rest_route=%2Fwp%2Fv2%2Fcomments&post=63"}],"version-history":[{"count":31,"href":"https:\/\/lisa-mcabbey.com\/index.php?rest_route=\/wp\/v2\/pages\/63\/revisions"}],"predecessor-version":[{"id":515,"href":"https:\/\/lisa-mcabbey.com\/index.php?rest_route=\/wp\/v2\/pages\/63\/revisions\/515"}],"wp:attachment":[{"href":"https:\/\/lisa-mcabbey.com\/index.php?rest_route=%2Fwp%2Fv2%2Fmedia&parent=63"}],"curies":[{"name":"wp","href":"https:\/\/api.w.org\/{rel}","templated":true}]}}