{"id":522,"date":"2022-03-16T12:53:47","date_gmt":"2022-03-16T10:53:47","guid":{"rendered":"https:\/\/lisa-mcabbey.com?page_id=522"},"modified":"2022-03-16T17:32:46","modified_gmt":"2022-03-16T15:32:46","slug":"historische-anmerkungen","status":"publish","type":"page","link":"https:\/\/lisa-mcabbey.com\/?page_id=522","title":{"rendered":"Historische Anmerkungen"},"content":{"rendered":"<p><span style=\"color: #800000;\"><strong>Historische Anmerkungen zu &#8222;Die Braut des Walisers&#8220;<\/strong><\/span><\/p>\n<p>Obgleich ich mich wieder um m\u00f6glichst historische Genauigkeit bem\u00fcht habe, habe ich mir ein paar Freiheiten erlaubt, um manche historische Fakten besser in meinen Roman einbauen zu k\u00f6nnen. Dazu geh\u00f6ren:<\/p>\n<p><strong><span style=\"color: #993300;\">Familie Arundel<img loading=\"lazy\" decoding=\"async\" class=\"alignright wp-image-532 size-medium\" src=\"https:\/\/lisa-mcabbey.com\/wp-content\/uploads\/2022\/03\/Arundel_Castle_and_town_1644-300x215.gif\" alt=\"\" width=\"300\" height=\"215\" \/><\/span><\/strong><br \/>\nTats\u00e4chlich hatte William Arundel\/FitzAlan, Earl von Arundel, nicht f\u00fcnf T\u00f6chter, sondern vier S\u00f6hne und eine Tochter. Seinen \u00e4ltesten Sohn Thomas, Lord Maltravers, habe ich im Roman zu seinem Neffen gemacht. Williams \u00e4lteste Tochter Margaret war tats\u00e4chlich eine Tochter von Thomas. Ihre Ehe mit John de la Pole, Earl von Lincoln, einem Neffen K\u00f6nig Richards III, ist dagegen historisch korrekt.<br \/>\nWilliams Ehefrau Joan (\u00fcbrigens eine Schwester des &#8222;Kingmakers&#8220;) starb tats\u00e4chlich 1462, in meinem Buch mehrere Jahre sp\u00e4ter. Historisch korrekt wiederum ist, dass William sich nach ihrem Tod nicht wiederverheiratet hat.<br \/>\nWilliams J\u00fcngste, Cecily, entstammt zur G\u00e4nze meiner Fantasie, wie auch ihre \u00fcbrigen drei Schwestern.<\/p>\n<div id=\"attachment_530\" style=\"width: 310px\" class=\"wp-caption alignleft\"><img loading=\"lazy\" decoding=\"async\" aria-describedby=\"caption-attachment-530\" class=\"size-medium wp-image-530\" src=\"https:\/\/lisa-mcabbey.com\/wp-content\/uploads\/2022\/03\/Wales-Flag-300x225.jpg\" alt=\"\" width=\"300\" height=\"225\" srcset=\"https:\/\/lisa-mcabbey.com\/wp-content\/uploads\/2022\/03\/Wales-Flag-300x225.jpg 300w, https:\/\/lisa-mcabbey.com\/wp-content\/uploads\/2022\/03\/Wales-Flag-1024x768.jpg 1024w, https:\/\/lisa-mcabbey.com\/wp-content\/uploads\/2022\/03\/Wales-Flag-768x576.jpg 768w, https:\/\/lisa-mcabbey.com\/wp-content\/uploads\/2022\/03\/Wales-Flag-1536x1152.jpg 1536w, https:\/\/lisa-mcabbey.com\/wp-content\/uploads\/2022\/03\/Wales-Flag-2048x1536.jpg 2048w, https:\/\/lisa-mcabbey.com\/wp-content\/uploads\/2022\/03\/Wales-Flag-400x300.jpg 400w\" sizes=\"auto, (max-width: 300px) 100vw, 300px\" \/><p id=\"caption-attachment-530\" class=\"wp-caption-text\">(c) Lisa McAbbey<\/p><\/div>\n<p><span style=\"color: #993300;\"><strong>Rhys &#8222;Fawr&#8220; ap Maredudd<\/strong><\/span><br \/>\nRhys ist eine historische Figur, \u00fcber sein Leben ist allerdings nicht allzu viel bekannt. Seine Karriere habe ich an jene von Sir Thomas Everingham angelehnt, einem Soldaten, der es in den Diensten der Engl\u00e4nder und Burgunder wie auch des Habsburgers Maximilian und Richards, Herzog von Gloucester, zu Ruhm, Ritterschlag und \u00c4mtern gebracht hat.<br \/>\nDie Bruderschaft wiederum ist meiner Fantasie entsprungen.<br \/>\nEinige von Rhys&#8216; walisischen Gef\u00e4hrten wie u.a. Davydd Llwyd, Si\u00f4n Pilwstn und Evan Goch von Bryammer (alle drei haben an der Schlacht von Bosworth teilgenommen) sind historisch belegt, andere wie Madoc Gof und Gwilym der Wundarzt sind frei erfunden.<br \/>\nRhys entstammt einer alten walisischen Familie mit Grundbesitz im Norden von Wales, im Buch habe ich diese Besitzungen umfangreicher dargestellt, als sie es tats\u00e4chlich waren.<\/p>\n<p><span style=\"color: #993300;\"><strong>Schreibweisen<\/strong><\/span><br \/>\nWenn m\u00f6glich, habe ich Schreibweisen der damaligen Zeit verwendet. So wird Henry Tudor (der sp\u00e4tere K\u00f6nig Henry VII) Henry Tydder (wenn Engl\u00e4nder von ihm sprechen) oder Harri Tudur (wenn Waliser von ihm sprechen) genannt.<\/p>\n<p><span style=\"color: #993300;\"><strong><img loading=\"lazy\" decoding=\"async\" class=\"alignleft size-medium wp-image-535\" src=\"https:\/\/lisa-mcabbey.com\/wp-content\/uploads\/2022\/03\/Richard_III_of_England-204x300.jpg\" alt=\"\" width=\"204\" height=\"300\" srcset=\"https:\/\/lisa-mcabbey.com\/wp-content\/uploads\/2022\/03\/Richard_III_of_England-204x300.jpg 204w, https:\/\/lisa-mcabbey.com\/wp-content\/uploads\/2022\/03\/Richard_III_of_England.jpg 408w\" sizes=\"auto, (max-width: 204px) 100vw, 204px\" \/>Literatur, die in der einen oder anderen Weise Eingang in meine Geschichte gefunden hat:<\/strong><\/span><\/p>\n<p><span style=\"color: #993300;\"><span style=\"color: #000000;\">&#8211; John Ashdown-Hill, The last days of Richard III<br \/>\n&#8211; Chris Skidmore, Bosworth &#8211; The Birth of the Tudors<br \/>\n&#8211; Peter Hammond, Richard III and the Bosworth Campaign<br \/>\n&#8211; Rosemary Horrox, Richard III &#8211; a study in service<br \/>\n&#8211; Howell T. Evans, Wales and the Wars of the Roses<br \/>\n&#8211; David Rees, The Son of Prophecy<br \/>\n&#8211; Glanmor Williams, Renewal and Reformation &#8211; Wales c. 1415-1642<br \/>\n&#8211; A.D. Carr, The Gentry of North Wales in the Later Middle Ages<br \/>\n&#8211; Donald Moore, The indexing of Welsh personal names<br \/>\n&#8211; R.J. Silvester and R. Hankinson, The Monastic Granges of East Wales<br \/>\n&#8211; Llyfr Taliesin \/ The Book of Taliesin<br \/>\n&#8211; Edward L. Meek, The career of Sir Thomas Everingham, Knight of the North in the service of Maximilian, duke of Austria, 1477-1481<br \/>\n&#8211; Dr. Elke Kleinau, Geschichte der M\u00e4dchen- und Frauenbildung<br \/>\n&#8211; Mary G. Houston, Medieval Costume in England and France\u00a0 -The 13th, 14th and 15th centuries<br \/>\n&#8211; Ruth Goodman, How to be a Tudor<br \/>\n&#8211; Toni Mount, The Medieval Housewife<br \/>\n&#8211; Maistre Chiquart, Du fait de Cuisine (translated by Elizabeth Cook)<br \/>\n&#8211; M.L. Ryder, Medieval Sheep and Wool Types<br \/>\n&#8211; Philippa Langley, The Fate of the Sons of King Edward IV<br \/>\n&#8211; David Johnson, Ardent Suitor or Reluctant Groom? Henry VII and Elizabeth of York<br \/>\n<\/span><\/span><\/p>\n","protected":false},"excerpt":{"rendered":"<p>Historische Anmerkungen zu &#8222;Die Braut des Walisers&#8220; Obgleich ich mich wieder um m\u00f6glichst historische Genauigkeit bem\u00fcht habe, habe ich mir ein paar Freiheiten erlaubt, um manche historische Fakten besser in meinen Roman einbauen zu k\u00f6nnen. Dazu geh\u00f6ren: Familie Arundel Tats\u00e4chlich &hellip; <a class=\"more-link\" href=\"https:\/\/lisa-mcabbey.com\/?page_id=522\">Weiterlesen <span class=\"meta-nav\">&rarr;<\/span><\/a><\/p>\n","protected":false},"author":1,"featured_media":0,"parent":516,"menu_order":0,"comment_status":"closed","ping_status":"closed","template":"","meta":{"footnotes":""},"class_list":["post-522","page","type-page","status-publish","hentry"],"_links":{"self":[{"href":"https:\/\/lisa-mcabbey.com\/index.php?rest_route=\/wp\/v2\/pages\/522","targetHints":{"allow":["GET"]}}],"collection":[{"href":"https:\/\/lisa-mcabbey.com\/index.php?rest_route=\/wp\/v2\/pages"}],"about":[{"href":"https:\/\/lisa-mcabbey.com\/index.php?rest_route=\/wp\/v2\/types\/page"}],"author":[{"embeddable":true,"href":"https:\/\/lisa-mcabbey.com\/index.php?rest_route=\/wp\/v2\/users\/1"}],"replies":[{"embeddable":true,"href":"https:\/\/lisa-mcabbey.com\/index.php?rest_route=%2Fwp%2Fv2%2Fcomments&post=522"}],"version-history":[{"count":17,"href":"https:\/\/lisa-mcabbey.com\/index.php?rest_route=\/wp\/v2\/pages\/522\/revisions"}],"predecessor-version":[{"id":545,"href":"https:\/\/lisa-mcabbey.com\/index.php?rest_route=\/wp\/v2\/pages\/522\/revisions\/545"}],"up":[{"embeddable":true,"href":"https:\/\/lisa-mcabbey.com\/index.php?rest_route=\/wp\/v2\/pages\/516"}],"wp:attachment":[{"href":"https:\/\/lisa-mcabbey.com\/index.php?rest_route=%2Fwp%2Fv2%2Fmedia&parent=522"}],"curies":[{"name":"wp","href":"https:\/\/api.w.org\/{rel}","templated":true}]}}