{"id":516,"date":"2022-03-15T18:14:46","date_gmt":"2022-03-15T16:14:46","guid":{"rendered":"https:\/\/lisa-mcabbey.com?page_id=516"},"modified":"2022-03-15T22:28:40","modified_gmt":"2022-03-15T20:28:40","slug":"die-braut-des-walisers","status":"publish","type":"page","link":"https:\/\/lisa-mcabbey.com\/?page_id=516","title":{"rendered":"Die Braut des Walisers"},"content":{"rendered":"<h2><span id=\"inserted1742\"><img loading=\"lazy\" decoding=\"async\" class=\"alignleft size-medium wp-image-512\" src=\"https:\/\/lisa-mcabbey.com\/wp-content\/uploads\/2022\/03\/Cover_Die-Braut-des-Walisers-189x300.jpg\" alt=\"\" width=\"189\" height=\"300\" srcset=\"https:\/\/lisa-mcabbey.com\/wp-content\/uploads\/2022\/03\/Cover_Die-Braut-des-Walisers-189x300.jpg 189w, https:\/\/lisa-mcabbey.com\/wp-content\/uploads\/2022\/03\/Cover_Die-Braut-des-Walisers-644x1024.jpg 644w, https:\/\/lisa-mcabbey.com\/wp-content\/uploads\/2022\/03\/Cover_Die-Braut-des-Walisers-768x1221.jpg 768w, https:\/\/lisa-mcabbey.com\/wp-content\/uploads\/2022\/03\/Cover_Die-Braut-des-Walisers-966x1536.jpg 966w, https:\/\/lisa-mcabbey.com\/wp-content\/uploads\/2022\/03\/Cover_Die-Braut-des-Walisers-1288x2048.jpg 1288w, https:\/\/lisa-mcabbey.com\/wp-content\/uploads\/2022\/03\/Cover_Die-Braut-des-Walisers-scaled.jpg 1610w\" sizes=\"auto, (max-width: 189px) 100vw, 189px\" \/>Die Braut des Walisers<\/span><\/h2>\n<p><em><span id=\"inserted3134\">Verlag L\u00fcbbe Belletristik (Taschenbuch), Verlag be-eBooks\/beHEARTBEAT (Ebook)<br \/>\n25. M\u00e4rz 2022<br \/>\nISBN 978-3-404-18529-0, Taschenbuch<br \/>\nISBN 978-3-7517-0449-6, ebook<\/span><\/em><\/p>\n<p><strong>Die Geschichte einer h\u00f6chst unwahrscheinlichen, gro\u00dfen Liebe, kunstvoll verwoben mit einer entscheidenden Schlacht der Rosenkriege um den englischen Thron.<\/strong><\/p>\n<p>England 1485: Cecily ist die Tochter des Earl von Arundel, einem Getreuen des K\u00f6nigs aus dem Hause York. Gegen ihren Willen wird sie mit dem walisischen Hauptmann Sir Rhys Penndreic verheiratet. Zu ihrer eigenen \u00dcberraschung verh\u00e4lt Rhys sich \u00e4u\u00dferst zuvorkommend und allm\u00e4hlich entwickelt Cecily leidenschaftliche Gef\u00fchle f\u00fcr ihn &#8230; Was Cecily nicht ahnt: Rhys hat ein dunkles Geheimnis, das nicht nur ihr Leben, sondern das Schicksal ganz Englands f\u00fcr immer ver\u00e4ndern wird &#8230;<\/p>\n<p style=\"text-align: center;\"><a href=\"https:\/\/www.bic-media.com\/mobile\/mobileWidget-jqm1.4.html?buyButton=no&amp;showExtraShopButton=false&amp;fullscreen=yes&amp;isbn=9783404185290\"><strong><span style=\"color: #993300;\">LESEPROBE<\/span><\/strong><\/a><\/p>\n<p style=\"text-align: center;\"><a href=\"https:\/\/lisa-mcabbey.com?page_id=522&amp;preview=true\">Historische Anmerkungen zum Roman &amp; Literaturhinweise<\/a><\/p>\n<p>&nbsp;<\/p>\n<p>&nbsp;<\/p>\n","protected":false},"excerpt":{"rendered":"<p>Die Braut des Walisers Verlag L\u00fcbbe Belletristik (Taschenbuch), Verlag be-eBooks\/beHEARTBEAT (Ebook) 25. M\u00e4rz 2022 ISBN 978-3-404-18529-0, Taschenbuch ISBN 978-3-7517-0449-6, ebook Die Geschichte einer h\u00f6chst unwahrscheinlichen, gro\u00dfen Liebe, kunstvoll verwoben mit einer entscheidenden Schlacht der Rosenkriege um den englischen Thron. England &hellip; <a class=\"more-link\" href=\"https:\/\/lisa-mcabbey.com\/?page_id=516\">Weiterlesen <span class=\"meta-nav\">&rarr;<\/span><\/a><\/p>\n","protected":false},"author":1,"featured_media":0,"parent":23,"menu_order":6,"comment_status":"closed","ping_status":"closed","template":"","meta":{"footnotes":""},"class_list":["post-516","page","type-page","status-publish","hentry"],"_links":{"self":[{"href":"https:\/\/lisa-mcabbey.com\/index.php?rest_route=\/wp\/v2\/pages\/516","targetHints":{"allow":["GET"]}}],"collection":[{"href":"https:\/\/lisa-mcabbey.com\/index.php?rest_route=\/wp\/v2\/pages"}],"about":[{"href":"https:\/\/lisa-mcabbey.com\/index.php?rest_route=\/wp\/v2\/types\/page"}],"author":[{"embeddable":true,"href":"https:\/\/lisa-mcabbey.com\/index.php?rest_route=\/wp\/v2\/users\/1"}],"replies":[{"embeddable":true,"href":"https:\/\/lisa-mcabbey.com\/index.php?rest_route=%2Fwp%2Fv2%2Fcomments&post=516"}],"version-history":[{"count":6,"href":"https:\/\/lisa-mcabbey.com\/index.php?rest_route=\/wp\/v2\/pages\/516\/revisions"}],"predecessor-version":[{"id":528,"href":"https:\/\/lisa-mcabbey.com\/index.php?rest_route=\/wp\/v2\/pages\/516\/revisions\/528"}],"up":[{"embeddable":true,"href":"https:\/\/lisa-mcabbey.com\/index.php?rest_route=\/wp\/v2\/pages\/23"}],"wp:attachment":[{"href":"https:\/\/lisa-mcabbey.com\/index.php?rest_route=%2Fwp%2Fv2%2Fmedia&parent=516"}],"curies":[{"name":"wp","href":"https:\/\/api.w.org\/{rel}","templated":true}]}}