{"id":503,"date":"2019-08-03T15:06:48","date_gmt":"2019-08-03T13:06:48","guid":{"rendered":"https:\/\/lisa-mcabbey.com?page_id=503"},"modified":"2019-08-03T15:06:48","modified_gmt":"2019-08-03T13:06:48","slug":"die-englische-lady-und-der-rebell","status":"publish","type":"page","link":"https:\/\/lisa-mcabbey.com\/?page_id=503","title":{"rendered":"Die englische Lady und der Rebell"},"content":{"rendered":"<h2><span style=\"color: #993366;\"><img loading=\"lazy\" decoding=\"async\" class=\"alignleft size-medium wp-image-501\" src=\"https:\/\/lisa-mcabbey.com\/wp-content\/uploads\/2019\/08\/Cover-189x300.jpg\" alt=\"\" width=\"189\" height=\"300\" srcset=\"https:\/\/lisa-mcabbey.com\/wp-content\/uploads\/2019\/08\/Cover-189x300.jpg 189w, https:\/\/lisa-mcabbey.com\/wp-content\/uploads\/2019\/08\/Cover-768x1221.jpg 768w, https:\/\/lisa-mcabbey.com\/wp-content\/uploads\/2019\/08\/Cover-644x1024.jpg 644w\" sizes=\"auto, (max-width: 189px) 100vw, 189px\" \/><span id=\"inserted1742\" style=\"font-size: 25px;\">Die englische Lady und der Rebell<\/span><\/span><\/h2>\n<p><em><span id=\"inserted3134\" style=\"font-size: 13px;\">Verlag beHEARTBEAT by Bastei Entertainment, 1. Dezember 2019,<br style=\"font-size: 36px;\" \/>ISBN 9783732578979, ebook<\/span><\/em><\/p>\n<p><strong>Liebe und Abenteuer in Schottland &#8211; lassen Sie sich verzaubern!<\/strong><\/p>\n<p>Die junge Lehrerin Prudence Holloway reist im Sommer 1747 trotz der Warnungen ihrer Familie nach Schottland, um dort zu unterrichten. Auf dem Weg erkrankt sie jedoch an einem schweren Fieber und wird von einer schottischen B\u00e4uerin gesund gepflegt. Deren Ehemann erkl\u00e4rt sich bereit, Prudence f\u00fcr den Rest ihrer Reise zu begleiten.<br \/>\nAuf dem Ritt durch die Highlands kommen Prudence und der attraktive Schotte einander n\u00e4her, und Prudence ist hin- und hergerissen zwischen Schicklichkeit, Anstand und ihrer Faszination f\u00fcr diesen Mann. Doch dann fallen sie einem Trupp Rotr\u00f6cke in die H\u00e4nde \u2013 und die junge Frau muss feststellen, dass ihr Begleiter mehr als ein Geheimnis hat &#8230;<\/p>\n<p>&nbsp;<\/p>\n<p>&nbsp;<\/p>\n","protected":false},"excerpt":{"rendered":"<p>Die englische Lady und der Rebell Verlag beHEARTBEAT by Bastei Entertainment, 1. Dezember 2019,ISBN 9783732578979, ebook Liebe und Abenteuer in Schottland &#8211; lassen Sie sich verzaubern! Die junge Lehrerin Prudence Holloway reist im Sommer 1747 trotz der Warnungen ihrer Familie &hellip; <a class=\"more-link\" href=\"https:\/\/lisa-mcabbey.com\/?page_id=503\">Weiterlesen <span class=\"meta-nav\">&rarr;<\/span><\/a><\/p>\n","protected":false},"author":1,"featured_media":0,"parent":23,"menu_order":4,"comment_status":"open","ping_status":"closed","template":"","meta":{"footnotes":""},"class_list":["post-503","page","type-page","status-publish","hentry"],"_links":{"self":[{"href":"https:\/\/lisa-mcabbey.com\/index.php?rest_route=\/wp\/v2\/pages\/503","targetHints":{"allow":["GET"]}}],"collection":[{"href":"https:\/\/lisa-mcabbey.com\/index.php?rest_route=\/wp\/v2\/pages"}],"about":[{"href":"https:\/\/lisa-mcabbey.com\/index.php?rest_route=\/wp\/v2\/types\/page"}],"author":[{"embeddable":true,"href":"https:\/\/lisa-mcabbey.com\/index.php?rest_route=\/wp\/v2\/users\/1"}],"replies":[{"embeddable":true,"href":"https:\/\/lisa-mcabbey.com\/index.php?rest_route=%2Fwp%2Fv2%2Fcomments&post=503"}],"version-history":[{"count":4,"href":"https:\/\/lisa-mcabbey.com\/index.php?rest_route=\/wp\/v2\/pages\/503\/revisions"}],"predecessor-version":[{"id":507,"href":"https:\/\/lisa-mcabbey.com\/index.php?rest_route=\/wp\/v2\/pages\/503\/revisions\/507"}],"up":[{"embeddable":true,"href":"https:\/\/lisa-mcabbey.com\/index.php?rest_route=\/wp\/v2\/pages\/23"}],"wp:attachment":[{"href":"https:\/\/lisa-mcabbey.com\/index.php?rest_route=%2Fwp%2Fv2%2Fmedia&parent=503"}],"curies":[{"name":"wp","href":"https:\/\/api.w.org\/{rel}","templated":true}]}}