{"id":429,"date":"2017-09-11T22:57:05","date_gmt":"2017-09-11T20:57:05","guid":{"rendered":"https:\/\/lisa-mcabbey.com?page_id=429"},"modified":"2019-08-03T15:00:50","modified_gmt":"2019-08-03T13:00:50","slug":"die-schmugglerlady","status":"publish","type":"page","link":"https:\/\/lisa-mcabbey.com\/?page_id=429","title":{"rendered":"Die Schmugglerlady"},"content":{"rendered":"<p><span style=\"color: #993366; font-size: xx-large;\"><img loading=\"lazy\" decoding=\"async\" class=\"alignleft size-medium wp-image-432\" src=\"https:\/\/lisa-mcabbey.com\/wp-content\/uploads\/2017\/09\/Cover-Schmugglerlady-BE-189x300.jpg\" alt=\"\" width=\"189\" height=\"300\" srcset=\"https:\/\/lisa-mcabbey.com\/wp-content\/uploads\/2017\/09\/Cover-Schmugglerlady-BE-189x300.jpg 189w, https:\/\/lisa-mcabbey.com\/wp-content\/uploads\/2017\/09\/Cover-Schmugglerlady-BE-768x1221.jpg 768w, https:\/\/lisa-mcabbey.com\/wp-content\/uploads\/2017\/09\/Cover-Schmugglerlady-BE-644x1024.jpg 644w\" sizes=\"auto, (max-width: 189px) 100vw, 189px\" \/>Die Schmugglerlady<\/span><\/p>\n<p><em style=\"font-size: 12px;\">Verlag beHEARTBEAT by Bastei Entertainment, 1. Oktober 2017,<br \/>\nISBN 9783741300684, ebook, Taschenbuch<\/em><\/p>\n<p>Nach au\u00dfen eine Lady, im Herzen eine Schmugglerin!<\/p>\n<p>England 1784: Nach dem unerwarteten Tod ihres Vaters Colonel Farley steht die junge Lysia vor einer gro\u00dfen Herausforderung: W\u00e4hrend ihre Schwestern damit besch\u00e4ftigt sind, geeignete Ehem\u00e4nner zu finden, muss sie den geheimen Schmugglerring ihres\u00a0Vaters fortf\u00fchren, um den Lebensunterhalt ihrer Familie zu sichern.<br \/>\nDoch in die Fu\u00dfstapfen ihres Vaters zu treten, ist gar nicht so einfach. Gl\u00fccklicherweise hat sie mit Jack Ryder einen tatkr\u00e4ftigen neuen Schmuggler an ihrer Seite. Zudem ist der Neue gutaussehend und charmant und l\u00e4sst Lysias Herz trotz des Standesunterschieds h\u00f6herschlagen.<br \/>\nDoch als der Earl von Darrington auftaucht, scheint auf einmal alles in Gefahr &#8211; der Earl hat n\u00e4mlich den Auftrag, dem Schmuggel in der Gegend einen Riegel vorzuschieben &#8230;<\/p>\n<p style=\"text-align: center;\"><strong>\u00a0\u00a0\u00a0\u00a0 <a href=\"http:\/\/www.weiterlesen.de\/Leseprobe\/Die-Schmuggler-Lady\/9783732542819\/html\" target=\"_blank\" rel=\"noopener noreferrer\"><span style=\"color: #993366;\">Hier geht&#8217;s zu einer Leseprobe<\/span><\/a><\/strong><\/p>\n<p><strong>\u00a0\u00a0\u00a0\u00a0\u00a0<\/strong><\/p>\n","protected":false},"excerpt":{"rendered":"<p>Die Schmugglerlady Verlag beHEARTBEAT by Bastei Entertainment, 1. Oktober 2017, ISBN 9783741300684, ebook, Taschenbuch Nach au\u00dfen eine Lady, im Herzen eine Schmugglerin! England 1784: Nach dem unerwarteten Tod ihres Vaters Colonel Farley steht die junge Lysia vor einer gro\u00dfen Herausforderung: &hellip; <a class=\"more-link\" href=\"https:\/\/lisa-mcabbey.com\/?page_id=429\">Weiterlesen <span class=\"meta-nav\">&rarr;<\/span><\/a><\/p>\n","protected":false},"author":1,"featured_media":0,"parent":23,"menu_order":3,"comment_status":"closed","ping_status":"closed","template":"","meta":{"footnotes":""},"class_list":["post-429","page","type-page","status-publish","hentry"],"_links":{"self":[{"href":"https:\/\/lisa-mcabbey.com\/index.php?rest_route=\/wp\/v2\/pages\/429","targetHints":{"allow":["GET"]}}],"collection":[{"href":"https:\/\/lisa-mcabbey.com\/index.php?rest_route=\/wp\/v2\/pages"}],"about":[{"href":"https:\/\/lisa-mcabbey.com\/index.php?rest_route=\/wp\/v2\/types\/page"}],"author":[{"embeddable":true,"href":"https:\/\/lisa-mcabbey.com\/index.php?rest_route=\/wp\/v2\/users\/1"}],"replies":[{"embeddable":true,"href":"https:\/\/lisa-mcabbey.com\/index.php?rest_route=%2Fwp%2Fv2%2Fcomments&post=429"}],"version-history":[{"count":8,"href":"https:\/\/lisa-mcabbey.com\/index.php?rest_route=\/wp\/v2\/pages\/429\/revisions"}],"predecessor-version":[{"id":496,"href":"https:\/\/lisa-mcabbey.com\/index.php?rest_route=\/wp\/v2\/pages\/429\/revisions\/496"}],"up":[{"embeddable":true,"href":"https:\/\/lisa-mcabbey.com\/index.php?rest_route=\/wp\/v2\/pages\/23"}],"wp:attachment":[{"href":"https:\/\/lisa-mcabbey.com\/index.php?rest_route=%2Fwp%2Fv2%2Fmedia&parent=429"}],"curies":[{"name":"wp","href":"https:\/\/api.w.org\/{rel}","templated":true}]}}