{"id":378,"date":"2016-11-26T12:54:34","date_gmt":"2016-11-26T10:54:34","guid":{"rendered":"https:\/\/lisa-mcabbey.com?page_id=378"},"modified":"2017-02-19T11:18:20","modified_gmt":"2017-02-19T09:18:20","slug":"der-spion-mit-dem-strumpfband","status":"publish","type":"page","link":"https:\/\/lisa-mcabbey.com\/?page_id=378","title":{"rendered":"Der Spion mit dem Strumpfband"},"content":{"rendered":"<p><span style=\"color: #993366; font-size: xx-large;\"><img loading=\"lazy\" decoding=\"async\" class=\"alignleft size-medium wp-image-381\" src=\"https:\/\/lisa-mcabbey.com\/wp-content\/uploads\/2016\/11\/Cover-BeHeartbeat-189x300.jpg\" alt=\"cover-beheartbeat\" width=\"189\" height=\"300\" srcset=\"https:\/\/lisa-mcabbey.com\/wp-content\/uploads\/2016\/11\/Cover-BeHeartbeat-189x300.jpg 189w, https:\/\/lisa-mcabbey.com\/wp-content\/uploads\/2016\/11\/Cover-BeHeartbeat-768x1221.jpg 768w, https:\/\/lisa-mcabbey.com\/wp-content\/uploads\/2016\/11\/Cover-BeHeartbeat-644x1024.jpg 644w\" sizes=\"auto, (max-width: 189px) 100vw, 189px\" \/>Der Spion mit dem Strumpfband<\/span><\/p>\n<p><em style=\"font-size: 12px;\">Verlag beHEARTBEAT by Bastei Entertainment, 16. Februar 2017,<br \/>\nISBN 9783732535958, ebook<\/em><\/p>\n<p>Charmante und kurzweilige Spionage- und Liebesgeschichte mit viel London-Flair.<\/p>\n<p>London 1756: Die junge Agentin Clarissa Greenly, Tochter eines verarmten Baronets, erh\u00e4lt den Auftrag, einem hohen Regierungsbeamten, dem n\u00fcchternen und strengen Earl von Hawkhurst, ein geheimnisvolles Notizbuch abzujagen. Doch so erfolgreich sie auch sonst ihre geheimen Auftr\u00e4ge ausf\u00fchrt &#8211; diesmal will es nicht klappen! Und jeder neue Versuch st\u00fcrzt Clarissa in tiefere Gef\u00fchlsverwirrungen, denn der Earl entpuppt sich als \u00e4u\u00dferst attraktiver und leidenschaftlicher Mann.<\/p>\n<p><strong>\u00a0\u00a0\u00a0\u00a0\u00a0\u00a0<a href=\"http:\/\/www.weiterlesen.de\/derspionmitdemstrumpfband\">=&gt; Leseprobe &#8222;Der Spion mit dem Strumpfband&#8220;<\/a><\/strong><\/p>\n","protected":false},"excerpt":{"rendered":"<p>Der Spion mit dem Strumpfband Verlag beHEARTBEAT by Bastei Entertainment, 16. Februar 2017, ISBN 9783732535958, ebook Charmante und kurzweilige Spionage- und Liebesgeschichte mit viel London-Flair. London 1756: Die junge Agentin Clarissa Greenly, Tochter eines verarmten Baronets, erh\u00e4lt den Auftrag, einem &hellip; <a class=\"more-link\" href=\"https:\/\/lisa-mcabbey.com\/?page_id=378\">Weiterlesen <span class=\"meta-nav\">&rarr;<\/span><\/a><\/p>\n","protected":false},"author":1,"featured_media":0,"parent":23,"menu_order":2,"comment_status":"open","ping_status":"closed","template":"","meta":{"footnotes":""},"class_list":["post-378","page","type-page","status-publish","hentry"],"_links":{"self":[{"href":"https:\/\/lisa-mcabbey.com\/index.php?rest_route=\/wp\/v2\/pages\/378","targetHints":{"allow":["GET"]}}],"collection":[{"href":"https:\/\/lisa-mcabbey.com\/index.php?rest_route=\/wp\/v2\/pages"}],"about":[{"href":"https:\/\/lisa-mcabbey.com\/index.php?rest_route=\/wp\/v2\/types\/page"}],"author":[{"embeddable":true,"href":"https:\/\/lisa-mcabbey.com\/index.php?rest_route=\/wp\/v2\/users\/1"}],"replies":[{"embeddable":true,"href":"https:\/\/lisa-mcabbey.com\/index.php?rest_route=%2Fwp%2Fv2%2Fcomments&post=378"}],"version-history":[{"count":8,"href":"https:\/\/lisa-mcabbey.com\/index.php?rest_route=\/wp\/v2\/pages\/378\/revisions"}],"predecessor-version":[{"id":403,"href":"https:\/\/lisa-mcabbey.com\/index.php?rest_route=\/wp\/v2\/pages\/378\/revisions\/403"}],"up":[{"embeddable":true,"href":"https:\/\/lisa-mcabbey.com\/index.php?rest_route=\/wp\/v2\/pages\/23"}],"wp:attachment":[{"href":"https:\/\/lisa-mcabbey.com\/index.php?rest_route=%2Fwp%2Fv2%2Fmedia&parent=378"}],"curies":[{"name":"wp","href":"https:\/\/api.w.org\/{rel}","templated":true}]}}