{"id":309,"date":"2016-04-16T10:15:07","date_gmt":"2016-04-16T08:15:07","guid":{"rendered":"https:\/\/lisa-mcabbey.com?page_id=309"},"modified":"2016-11-26T13:08:49","modified_gmt":"2016-11-26T11:08:49","slug":"die-eroberung-des-normannen","status":"publish","type":"page","link":"https:\/\/lisa-mcabbey.com\/?page_id=309","title":{"rendered":"Die Eroberung des Normannen"},"content":{"rendered":"<p><span class=\"fontplugin_fontid_34693_MTCORSVA\" style=\"color: #993366; font-size: 25px;\"><img loading=\"lazy\" decoding=\"async\" class=\"alignleft size-medium wp-image-384\" src=\"https:\/\/lisa-mcabbey.com\/wp-content\/uploads\/2014\/10\/Cover-BeHeartbeat-189x300.jpg\" alt=\"cover-beheartbeat\" width=\"189\" height=\"300\" srcset=\"https:\/\/lisa-mcabbey.com\/wp-content\/uploads\/2014\/10\/Cover-BeHeartbeat-189x300.jpg 189w, https:\/\/lisa-mcabbey.com\/wp-content\/uploads\/2014\/10\/Cover-BeHeartbeat-768x1221.jpg 768w, https:\/\/lisa-mcabbey.com\/wp-content\/uploads\/2014\/10\/Cover-BeHeartbeat-644x1024.jpg 644w\" sizes=\"auto, (max-width: 189px) 100vw, 189px\" \/>Die Eroberung des Normannen<\/span><\/p>\n<p><em style=\"font-size: 12px;\">Verlag beHEARBEAT by Bastei Entertainment, 11. Juni 2016,<br \/>\nISBN 9873732517022, ebook<\/em><\/p>\n<p>Im Jahr 1092 erobert der normannische K\u00f6nig William Rufus das unter schottischer Herrschaft stehende Cumbria. Er vertreibt den einheimischen F\u00fcrsten und setzt seinen getreuen Gefolgsmann Tancreid de Grande-\u00cele, einen harten und vom Schicksal gezeichneten Mann, als Sheriff ein. Sein Auftrag ist es, Cumbria als Bollwerk gegen Schottland zu befestigen und die barbarischen Einwohner zu folgsamen Untertanen zu machen.<\/p>\n<p style=\"text-align: left;\">Doch es gibt Widerstand: Eine Gruppe Rebellen hat sich geschworen, die verhassten Normannen aus dem Land zu vertreiben. Cwenburh inghean Dolfinn, die j\u00fcngste Tochter des vertriebenen F\u00fcrsten, schlie\u00dft sich den Rebellen an und verdingt sich als Schreiberin des neuen Sheriffs, um auf diese Weise an vertrauliche Informationen zu gelangen.<\/p>\n<p style=\"text-align: left;\">Obwohl sich Tancreid und Cwenburh als Feinde gegen\u00fcberstehen, besteht zwischen ihnen eine gro\u00dfe Anziehungskraft, die sie bald nicht mehr leugnen k\u00f6nnen. Doch keiner ist bereit, seine Ideale zu opfern und jeder k\u00e4mpft f\u00fcr seine Seite &#8230;<\/p>\n<p style=\"text-align: center;\"><strong><a href=\"http:\/\/www.weiterlesen.de\/WBPPK3LXWNBMY8J\/lisa-mcabbey-die-eroberung-des-normannen\">LESEPROBE<\/a><\/strong><\/p>\n<p style=\"text-align: center;\">\u25ba\u00a0\u00a0 <span style=\"color: #003300;\"><a style=\"color: #003300;\" title=\"Hintergrundinformationen zum Buch\" href=\"https:\/\/lisa-mcabbey.com?page_id=319\"><span style=\"text-decoration: underline;\"><strong>Hintergrundinformationen zum Buch und weiterf\u00fchrende Literatur<\/strong><\/span><\/a><\/span><\/p>\n<p style=\"text-align: center;\">\n","protected":false},"excerpt":{"rendered":"<p>Die Eroberung des Normannen Verlag beHEARBEAT by Bastei Entertainment, 11. Juni 2016, ISBN 9873732517022, ebook Im Jahr 1092 erobert der normannische K\u00f6nig William Rufus das unter schottischer Herrschaft stehende Cumbria. Er vertreibt den einheimischen F\u00fcrsten und setzt seinen getreuen Gefolgsmann &hellip; <a class=\"more-link\" href=\"https:\/\/lisa-mcabbey.com\/?page_id=309\">Weiterlesen <span class=\"meta-nav\">&rarr;<\/span><\/a><\/p>\n","protected":false},"author":1,"featured_media":0,"parent":23,"menu_order":1,"comment_status":"open","ping_status":"closed","template":"","meta":{"footnotes":""},"class_list":["post-309","page","type-page","status-publish","hentry"],"_links":{"self":[{"href":"https:\/\/lisa-mcabbey.com\/index.php?rest_route=\/wp\/v2\/pages\/309","targetHints":{"allow":["GET"]}}],"collection":[{"href":"https:\/\/lisa-mcabbey.com\/index.php?rest_route=\/wp\/v2\/pages"}],"about":[{"href":"https:\/\/lisa-mcabbey.com\/index.php?rest_route=\/wp\/v2\/types\/page"}],"author":[{"embeddable":true,"href":"https:\/\/lisa-mcabbey.com\/index.php?rest_route=\/wp\/v2\/users\/1"}],"replies":[{"embeddable":true,"href":"https:\/\/lisa-mcabbey.com\/index.php?rest_route=%2Fwp%2Fv2%2Fcomments&post=309"}],"version-history":[{"count":16,"href":"https:\/\/lisa-mcabbey.com\/index.php?rest_route=\/wp\/v2\/pages\/309\/revisions"}],"predecessor-version":[{"id":386,"href":"https:\/\/lisa-mcabbey.com\/index.php?rest_route=\/wp\/v2\/pages\/309\/revisions\/386"}],"up":[{"embeddable":true,"href":"https:\/\/lisa-mcabbey.com\/index.php?rest_route=\/wp\/v2\/pages\/23"}],"wp:attachment":[{"href":"https:\/\/lisa-mcabbey.com\/index.php?rest_route=%2Fwp%2Fv2%2Fmedia&parent=309"}],"curies":[{"name":"wp","href":"https:\/\/api.w.org\/{rel}","templated":true}]}}