{"id":26,"date":"2014-08-20T23:20:29","date_gmt":"2014-08-20T21:20:29","guid":{"rendered":"https:\/\/lisa-mcabbey.comwordpress\/?page_id=26"},"modified":"2017-09-11T23:29:35","modified_gmt":"2017-09-11T21:29:35","slug":"home","status":"publish","type":"page","link":"https:\/\/lisa-mcabbey.com\/?page_id=26","title":{"rendered":"Autorin"},"content":{"rendered":"<p>Name: Lisa Heather McAbbey<img loading=\"lazy\" decoding=\"async\" class=\"alignright wp-image-48\" src=\"https:\/\/lisa-mcabbey.com\/wp-content\/uploads\/2014\/08\/autorin-291x300.jpg\" alt=\"autorin\" width=\"236\" height=\"242\" srcset=\"https:\/\/lisa-mcabbey.com\/wp-content\/uploads\/2014\/08\/autorin-291x300.jpg 291w, https:\/\/lisa-mcabbey.com\/wp-content\/uploads\/2014\/08\/autorin.jpg 394w\" sizes=\"auto, (max-width: 236px) 100vw, 236px\" \/><\/p>\n<p>Wohnort: Wien, \u00d6sterreich<\/p>\n<p>geboren: September 1970<\/p>\n<p>Hauptberuf: t\u00e4tig f\u00fcr einen internationalen Konzern<\/p>\n<p>Vierbeiner:\u00a0schwarzer Mischlingsr\u00fcde Hugo<\/p>\n<p>Lieblingsurlaubsland: Gro\u00dfbritannien<\/p>\n<p>Lieblingsautoren: Jane Austen, Elizabeth Gaskell, Georgette Heyer, Charlotte Bronte, &#8230;<\/p>\n<p>Lieblingsfilme: Pride &amp; Prejudice, North &amp; South, Jane Eyre, &#8230;<\/p>\n<p>Wunschtraum: eigenes Cottage am Meer in England [<em>seufz!<\/em>]<\/p>\n<p>Warum Autorin?<br \/>\nObwohl ich schon seit meiner Kindheit eine richtige Leseratte bin, habe ich mich erst vor wenigen Jahren dazu entschlossen, selbst ein Buch zu schreiben. Ich wollte eine Geschichte aus vergangenen Zeiten erz\u00e4hlen, spannend und abwechslungsreich (ohne seitenlange &#8222;Durchh\u00e4nger&#8220;), und nat\u00fcrlich sollte die Romantik nicht zu kurz kommen.<br \/>\nDa ich ein eingeschworener Gro\u00dfbritannien-Fan bin \ud83d\ude42 und Geschichte mein Steckenpferd ist, habe ich mich f\u00fcr eine Handlung entschieden, die in der Mitte des 18. Jahrhunderts in England angesiedelt ist. Im Rahmen meiner sehr, sehr, sehr umfangreichen Recherchen (diesen Teil des Schreibens mag ich ganz besonders) hat sich diese Zeit als eine \u00e4u\u00dferst spannende Periode herausgestellt, zu der es auch bereits unz\u00e4hlige (und dank des Internets f\u00fcr alle zug\u00e4ngliche) Informationen und Quellen gibt. History-Herz, was willst Du mehr?<\/p>\n<p>&nbsp;<\/p>\n<p>&nbsp;<\/p>\n","protected":false},"excerpt":{"rendered":"<p>Name: Lisa Heather McAbbey Wohnort: Wien, \u00d6sterreich geboren: September 1970 Hauptberuf: t\u00e4tig f\u00fcr einen internationalen Konzern Vierbeiner:\u00a0schwarzer Mischlingsr\u00fcde Hugo Lieblingsurlaubsland: Gro\u00dfbritannien Lieblingsautoren: Jane Austen, Elizabeth Gaskell, Georgette Heyer, Charlotte Bronte, &#8230; Lieblingsfilme: Pride &amp; Prejudice, North &amp; South, Jane Eyre, &hellip; <a class=\"more-link\" href=\"https:\/\/lisa-mcabbey.com\/?page_id=26\">Weiterlesen <span class=\"meta-nav\">&rarr;<\/span><\/a><\/p>\n","protected":false},"author":1,"featured_media":0,"parent":0,"menu_order":2,"comment_status":"closed","ping_status":"closed","template":"","meta":{"footnotes":""},"class_list":["post-26","page","type-page","status-publish","hentry"],"_links":{"self":[{"href":"https:\/\/lisa-mcabbey.com\/index.php?rest_route=\/wp\/v2\/pages\/26","targetHints":{"allow":["GET"]}}],"collection":[{"href":"https:\/\/lisa-mcabbey.com\/index.php?rest_route=\/wp\/v2\/pages"}],"about":[{"href":"https:\/\/lisa-mcabbey.com\/index.php?rest_route=\/wp\/v2\/types\/page"}],"author":[{"embeddable":true,"href":"https:\/\/lisa-mcabbey.com\/index.php?rest_route=\/wp\/v2\/users\/1"}],"replies":[{"embeddable":true,"href":"https:\/\/lisa-mcabbey.com\/index.php?rest_route=%2Fwp%2Fv2%2Fcomments&post=26"}],"version-history":[{"count":22,"href":"https:\/\/lisa-mcabbey.com\/index.php?rest_route=\/wp\/v2\/pages\/26\/revisions"}],"predecessor-version":[{"id":443,"href":"https:\/\/lisa-mcabbey.com\/index.php?rest_route=\/wp\/v2\/pages\/26\/revisions\/443"}],"wp:attachment":[{"href":"https:\/\/lisa-mcabbey.com\/index.php?rest_route=%2Fwp%2Fv2%2Fmedia&parent=26"}],"curies":[{"name":"wp","href":"https:\/\/api.w.org\/{rel}","templated":true}]}}