{"id":25,"date":"2014-08-20T23:21:27","date_gmt":"2014-08-20T21:21:27","guid":{"rendered":"https:\/\/lisa-mcabbey.comwordpress\/?page_id=25"},"modified":"2018-11-23T13:31:41","modified_gmt":"2018-11-23T11:31:41","slug":"reise-nach-edinburgh","status":"publish","type":"page","link":"https:\/\/lisa-mcabbey.com\/?page_id=25","title":{"rendered":"Lady ohne Furcht und Tadel (vormals: Reise nach Edinburgh)"},"content":{"rendered":"<p><img loading=\"lazy\" decoding=\"async\" class=\"alignleft wp-image-484 size-medium\" src=\"https:\/\/lisa-mcabbey.com\/wp-content\/uploads\/2018\/11\/Cover-189x300.jpg\" alt=\"\" width=\"189\" height=\"300\" srcset=\"https:\/\/lisa-mcabbey.com\/wp-content\/uploads\/2018\/11\/Cover-189x300.jpg 189w, https:\/\/lisa-mcabbey.com\/wp-content\/uploads\/2018\/11\/Cover-768x1221.jpg 768w, https:\/\/lisa-mcabbey.com\/wp-content\/uploads\/2018\/11\/Cover-644x1024.jpg 644w\" sizes=\"auto, (max-width: 189px) 100vw, 189px\" \/><span class=\"fontplugin_fontid_34693_MTCORSVA\" style=\"color: #993366; font-size: 25px;\">Lady ohne Furcht und Tadel<\/span><\/p>\n<p><em style=\"font-size: 12px;\">Verlag beHEARTBEAT by Bastei Entertainment, 1. Oktober 2018, ISBN 978-3-7325-5445-4, ebook<\/em><\/p>\n<p>Abenteuer, Verschw\u00f6rung &#8211; und die gro\u00dfe Liebe!<br \/>\nLondon 1754. Im Hof des \u201eBlack Swan Inn\u201c machen sich sechs Reisende bereit f\u00fcr ihre Kutschfahrt nach Edinburgh. Unter ihnen die junge Samantha Fairfax \u2013 verkleidet als junger Bursche und auf der Flucht vor einer arrangierten Heirat.<\/p>\n<div class=\"Fliesstext\">In der beengten Kutsche sitzt die arme Sam ausgerechnet \u201eMr R\u00fcpel\u201c gegen\u00fcber, einem durchaus attraktiven Landschaftsarchitekten, der sich aber leider v\u00f6llig ungehobelt benimmt. Ganz im Gegensatz zum eleganten franz\u00f6sischen Comte, der immer wieder Sams N\u00e4he sucht. Doch schon bald wird klar: Auch ihre Mitreisenden sind nicht alle die, als die sie sich ausgeben! F\u00fcr die junge Frau beginnt eine abenteuerliche Fahrt mit Stationen beim Pferderennen, auf dem Jahrmarkt und auf einem Maskenball. Doch nicht nur diese Ereignisse lassen Sams Herz schneller schlagen \u2026<\/div>\n<p style=\"text-align: center;\"><strong><a href=\"https:\/\/www.weiterlesen.de\/Leseprobe\/Lady-ohne-Furcht-und-Tadel\/9783732554454\/html\"><span style=\"color: #993366;\">\u00a0Hier geht&#8217;s zu einer Leseprobe<\/span><\/a><\/strong><\/p>\n<p style=\"text-align: center;\">\u25ba\u00a0\u00a0 <a title=\"Hintergrundinformationen zum Buch\" href=\"https:\/\/lisa-mcabbey.com?page_id=88\"><span style=\"text-decoration: underline;\"><strong>Hintergrundinformationen zum Buch und weiterf\u00fchrende Literatur<\/strong><\/span><\/a><\/p>\n<p><em><img loading=\"lazy\" decoding=\"async\" class=\"alignleft wp-image-44 size-medium\" src=\"https:\/\/lisa-mcabbey.com\/wp-content\/uploads\/2014\/08\/Abbey_Edinburgh-189x300.jpg\" alt=\"Abbey_Edinburgh\" width=\"189\" height=\"300\" srcset=\"https:\/\/lisa-mcabbey.com\/wp-content\/uploads\/2014\/08\/Abbey_Edinburgh-189x300.jpg 189w, https:\/\/lisa-mcabbey.com\/wp-content\/uploads\/2014\/08\/Abbey_Edinburgh-646x1024.jpg 646w, https:\/\/lisa-mcabbey.com\/wp-content\/uploads\/2014\/08\/Abbey_Edinburgh.jpg 1512w\" sizes=\"auto, (max-width: 189px) 100vw, 189px\" \/><\/em><\/p>\n<p>&#8222;Lady ohne Furcht und Tadel&#8220; ist eine stark \u00fcberarbeitete Neuausgabe meines Deb\u00fctromans <strong>&#8222;<span class=\"fontplugin_fontid_34693_MTCORSVA\" style=\"color: #993366;\">Reise nach Edinburgh<\/span>&#8222;<\/strong>, der am 12. September 2014 als Ebook im Verlag Forever (Ullstein Buchverlage) erschienen ist.<\/p>\n<p>&nbsp;<\/p>\n","protected":false},"excerpt":{"rendered":"<p>Lady ohne Furcht und Tadel Verlag beHEARTBEAT by Bastei Entertainment, 1. Oktober 2018, ISBN 978-3-7325-5445-4, ebook Abenteuer, Verschw\u00f6rung &#8211; und die gro\u00dfe Liebe! London 1754. Im Hof des \u201eBlack Swan Inn\u201c machen sich sechs Reisende bereit f\u00fcr ihre Kutschfahrt nach &hellip; <a class=\"more-link\" href=\"https:\/\/lisa-mcabbey.com\/?page_id=25\">Weiterlesen <span class=\"meta-nav\">&rarr;<\/span><\/a><\/p>\n","protected":false},"author":1,"featured_media":0,"parent":23,"menu_order":0,"comment_status":"open","ping_status":"open","template":"","meta":{"footnotes":""},"class_list":["post-25","page","type-page","status-publish","hentry"],"_links":{"self":[{"href":"https:\/\/lisa-mcabbey.com\/index.php?rest_route=\/wp\/v2\/pages\/25","targetHints":{"allow":["GET"]}}],"collection":[{"href":"https:\/\/lisa-mcabbey.com\/index.php?rest_route=\/wp\/v2\/pages"}],"about":[{"href":"https:\/\/lisa-mcabbey.com\/index.php?rest_route=\/wp\/v2\/types\/page"}],"author":[{"embeddable":true,"href":"https:\/\/lisa-mcabbey.com\/index.php?rest_route=\/wp\/v2\/users\/1"}],"replies":[{"embeddable":true,"href":"https:\/\/lisa-mcabbey.com\/index.php?rest_route=%2Fwp%2Fv2%2Fcomments&post=25"}],"version-history":[{"count":54,"href":"https:\/\/lisa-mcabbey.com\/index.php?rest_route=\/wp\/v2\/pages\/25\/revisions"}],"predecessor-version":[{"id":494,"href":"https:\/\/lisa-mcabbey.com\/index.php?rest_route=\/wp\/v2\/pages\/25\/revisions\/494"}],"up":[{"embeddable":true,"href":"https:\/\/lisa-mcabbey.com\/index.php?rest_route=\/wp\/v2\/pages\/23"}],"wp:attachment":[{"href":"https:\/\/lisa-mcabbey.com\/index.php?rest_route=%2Fwp%2Fv2%2Fmedia&parent=25"}],"curies":[{"name":"wp","href":"https:\/\/api.w.org\/{rel}","templated":true}]}}