{"id":248,"date":"2014-10-18T15:00:05","date_gmt":"2014-10-18T13:00:05","guid":{"rendered":"https:\/\/lisa-mcabbey.com?page_id=248"},"modified":"2022-03-15T02:00:00","modified_gmt":"2022-03-15T00:00:00","slug":"home-2","status":"publish","type":"page","link":"https:\/\/lisa-mcabbey.com\/","title":{"rendered":"Home"},"content":{"rendered":"<p><span id=\"inserted6499\" style=\"font-size: 28px;\"><\/span><span id=\"inserted8824\" style=\"font-size: 24px;\"><span id=\"inserted6499\" style=\"font-size: 35px;\"><span class=\"fontplugin_fontid_34693_MTCORSVA\" style=\"font-size: 35px;\">Herzlich Willkommen!<img loading=\"lazy\" decoding=\"async\" class=\"alignright size-medium wp-image-512\" src=\"https:\/\/lisa-mcabbey.com\/wp-content\/uploads\/2022\/03\/Cover_Die-Braut-des-Walisers-189x300.jpg\" alt=\"\" width=\"189\" height=\"300\" srcset=\"https:\/\/lisa-mcabbey.com\/wp-content\/uploads\/2022\/03\/Cover_Die-Braut-des-Walisers-189x300.jpg 189w, https:\/\/lisa-mcabbey.com\/wp-content\/uploads\/2022\/03\/Cover_Die-Braut-des-Walisers-644x1024.jpg 644w, https:\/\/lisa-mcabbey.com\/wp-content\/uploads\/2022\/03\/Cover_Die-Braut-des-Walisers-768x1221.jpg 768w, https:\/\/lisa-mcabbey.com\/wp-content\/uploads\/2022\/03\/Cover_Die-Braut-des-Walisers-966x1536.jpg 966w, https:\/\/lisa-mcabbey.com\/wp-content\/uploads\/2022\/03\/Cover_Die-Braut-des-Walisers-1288x2048.jpg 1288w, https:\/\/lisa-mcabbey.com\/wp-content\/uploads\/2022\/03\/Cover_Die-Braut-des-Walisers-scaled.jpg 1610w\" sizes=\"auto, (max-width: 189px) 100vw, 189px\" \/><\/span><\/span><\/span><br \/>\nIch freue mich sehr, dass ihr auf meiner Website vorbeischaut!<\/p>\n<p>Es gibt Neuigkeiten: Ende M\u00e4rz 2022 erscheint mein neuer Roman &#8222;Die Braut des Walisers&#8220;, der euch in die Zeit der Rosenkriege nach England und Wales entf\u00fchrt.<br \/>\nWenn ihr nun neugierig geworden seid, k\u00f6nnt ihr n\u00e4here Details dazu wie auch zu meinen anderen B\u00fcchern in der Rubrik <a href=\"https:\/\/lisa-mcabbey.com?page_id=23\"><span style=\"text-decoration: underline;\"><em>B\u00fccher<\/em><\/span><\/a> finden.<\/p>\n<p>Viel Spass beim St\u00f6bern!<br \/>\nHerzlichst, Lisa McAbbey<\/p>\n<p>P.S. Ihr k\u00f6nnt mich\u00a0auch auf<br \/>\n<a href=\"http:\/\/www.lovelybooks.de\/autor\/Lisa-McAbbey\/\" target=\"_blank\" rel=\"noopener noreferrer\">www.lovelybooks.de<\/a> finden!<br \/>\n<a href=\"http:\/\/www.lovelybooks.de\/autor\/Lisa-McAbbey\/\" target=\"_blank\" rel=\"noopener noreferrer\"><img loading=\"lazy\" decoding=\"async\" class=\"alignleft wp-image-242 size-full\" src=\"https:\/\/lisa-mcabbey.com\/wp-content\/uploads\/2014\/08\/lovelybooks_badge_autor6.png\" alt=\"\" width=\"220\" height=\"130\" \/><\/a><\/p>\n","protected":false},"excerpt":{"rendered":"<p>Herzlich Willkommen! Ich freue mich sehr, dass ihr auf meiner Website vorbeischaut! Es gibt Neuigkeiten: Ende M\u00e4rz 2022 erscheint mein neuer Roman &#8222;Die Braut des Walisers&#8220;, der euch in die Zeit der Rosenkriege nach England und Wales entf\u00fchrt. Wenn ihr &hellip; <a class=\"more-link\" href=\"https:\/\/lisa-mcabbey.com\/\">Weiterlesen <span class=\"meta-nav\">&rarr;<\/span><\/a><\/p>\n","protected":false},"author":1,"featured_media":0,"parent":0,"menu_order":0,"comment_status":"closed","ping_status":"closed","template":"","meta":{"footnotes":""},"class_list":["post-248","page","type-page","status-publish","hentry"],"_links":{"self":[{"href":"https:\/\/lisa-mcabbey.com\/index.php?rest_route=\/wp\/v2\/pages\/248","targetHints":{"allow":["GET"]}}],"collection":[{"href":"https:\/\/lisa-mcabbey.com\/index.php?rest_route=\/wp\/v2\/pages"}],"about":[{"href":"https:\/\/lisa-mcabbey.com\/index.php?rest_route=\/wp\/v2\/types\/page"}],"author":[{"embeddable":true,"href":"https:\/\/lisa-mcabbey.com\/index.php?rest_route=\/wp\/v2\/users\/1"}],"replies":[{"embeddable":true,"href":"https:\/\/lisa-mcabbey.com\/index.php?rest_route=%2Fwp%2Fv2%2Fcomments&post=248"}],"version-history":[{"count":18,"href":"https:\/\/lisa-mcabbey.com\/index.php?rest_route=\/wp\/v2\/pages\/248\/revisions"}],"predecessor-version":[{"id":514,"href":"https:\/\/lisa-mcabbey.com\/index.php?rest_route=\/wp\/v2\/pages\/248\/revisions\/514"}],"wp:attachment":[{"href":"https:\/\/lisa-mcabbey.com\/index.php?rest_route=%2Fwp%2Fv2%2Fmedia&parent=248"}],"curies":[{"name":"wp","href":"https:\/\/api.w.org\/{rel}","templated":true}]}}